{"id":10,"date":"2014-11-04T21:01:42","date_gmt":"2014-11-04T21:01:42","guid":{"rendered":"http:\/\/www.hydraulicien.eu\/LAFOND-Hydraulique\/?page_id=10"},"modified":"2018-08-27T15:18:29","modified_gmt":"2018-08-27T14:18:29","slug":"contact","status":"publish","type":"page","link":"http:\/\/www.hydraulicien.eu\/LAFOND-Hydraulique\/contact\/","title":{"rendered":"contact"},"content":{"rendered":"<p><strong>Jeremy\u00a0LAFOND<\/strong><br \/>\n5 Rue du Moulin Perrault<br \/>\nZI du Moulin Perrault &#8211; Terrenoire<br \/>\n42100 \u2013 SAINT ETIENNE<br \/>\nT\u00e9l : 0698224465<br \/>\nlafond()hydraulicien.eu<br \/>\nLAFOND<\/p>\n<p><strong>LAFOND\u00a0est partenaire de plusieurs r\u00e9parateurs dans diff\u00e9rentes r\u00e9gions :<\/strong><\/p>\n<hr \/>\n<p><iframe loading=\"lazy\" src=\"https:\/\/www.google.com\/maps\/d\/embed?mid=1MES0BK-trMnMflVpihnp_f4u36o\" width=\"640\" height=\"480\"><\/iframe><\/p>\n<hr \/>\n\n<div class=\"wpcf7 no-js\" id=\"wpcf7-f16-o1\" lang=\"fr-FR\" dir=\"ltr\">\n<div class=\"screen-reader-response\"><p role=\"status\" aria-live=\"polite\" aria-atomic=\"true\"><\/p> <ul><\/ul><\/div>\n<form action=\"\/LAFOND-Hydraulique\/wp-json\/wp\/v2\/pages\/10#wpcf7-f16-o1\" method=\"post\" class=\"wpcf7-form init\" aria-label=\"Formulaire de contact\" novalidate=\"novalidate\" data-status=\"init\">\n<div style=\"display: none;\">\n<input type=\"hidden\" name=\"_wpcf7\" value=\"16\" \/>\n<input type=\"hidden\" name=\"_wpcf7_version\" value=\"5.7.4\" \/>\n<input type=\"hidden\" name=\"_wpcf7_locale\" value=\"fr_FR\" \/>\n<input type=\"hidden\" name=\"_wpcf7_unit_tag\" value=\"wpcf7-f16-o1\" \/>\n<input type=\"hidden\" name=\"_wpcf7_container_post\" value=\"0\" \/>\n<input type=\"hidden\" name=\"_wpcf7_posted_data_hash\" value=\"\" \/>\n<\/div>\n<p>Votre nom (obligatoire)\n<\/p>\n<p><span class=\"wpcf7-form-control-wrap\" data-name=\"your-name\"><input size=\"40\" class=\"wpcf7-form-control wpcf7-text wpcf7-validates-as-required\" aria-required=\"true\" aria-invalid=\"false\" value=\"\" type=\"text\" name=\"your-name\" \/><\/span>\n<\/p>\n<p>Votre email (obligatoire)\n<\/p>\n<p><span class=\"wpcf7-form-control-wrap\" data-name=\"your-email\"><input size=\"40\" class=\"wpcf7-form-control wpcf7-text wpcf7-email wpcf7-validates-as-required wpcf7-validates-as-email\" aria-required=\"true\" aria-invalid=\"false\" value=\"\" type=\"email\" name=\"your-email\" \/><\/span>\n<\/p>\n<p>Sujet\n<\/p>\n<p><span class=\"wpcf7-form-control-wrap\" data-name=\"your-subject\"><input size=\"40\" class=\"wpcf7-form-control wpcf7-text\" aria-invalid=\"false\" value=\"\" type=\"text\" name=\"your-subject\" \/><\/span>\n<\/p>\n<p>Votre message\n<\/p>\n<p><span class=\"wpcf7-form-control-wrap\" data-name=\"your-message\"><textarea cols=\"40\" rows=\"10\" class=\"wpcf7-form-control wpcf7-textarea\" aria-invalid=\"false\" name=\"your-message\"><\/textarea><\/span>\n<\/p>\n<p><input class=\"wpcf7-form-control has-spinner wpcf7-submit\" type=\"submit\" value=\"Envoyer\" \/>\n<\/p><p style=\"display: none !important;\"><label>&#916;<textarea name=\"_wpcf7_ak_hp_textarea\" cols=\"45\" rows=\"8\" maxlength=\"100\"><\/textarea><\/label><input type=\"hidden\" id=\"ak_js_1\" name=\"_wpcf7_ak_js\" value=\"118\"\/><script>document.getElementById( \"ak_js_1\" ).setAttribute( \"value\", ( new Date() ).getTime() );<\/script><\/p><div class=\"wpcf7-response-output\" aria-hidden=\"true\"><\/div>\n<\/form>\n<\/div>\n\n<p>&nbsp;<\/p>\n","protected":false},"excerpt":{"rendered":"<p>Jeremy\u00a0LAFOND 5 Rue du Moulin Perrault ZI du Moulin Perrault &#8211; Terrenoire 42100 \u2013 SAINT ETIENNE T\u00e9l : 0698224465 lafond()hydraulicien.eu LAFOND LAFOND\u00a0est partenaire de plusieurs r\u00e9parateurs dans diff\u00e9rentes r\u00e9gions : &nbsp;<\/p>\n<p class=\"continue-reading-button\"> <a class=\"continue-reading-link\" href=\"http:\/\/www.hydraulicien.eu\/LAFOND-Hydraulique\/contact\/\">Continue reading<i class=\"crycon-right-dir\"><\/i><\/a><\/p>\n","protected":false},"author":1,"featured_media":0,"parent":0,"menu_order":0,"comment_status":"open","ping_status":"open","template":"","meta":{"jetpack_post_was_ever_published":false},"yoast_head":"<!-- This site is optimized with the Yoast SEO plugin v20.2.1 - https:\/\/yoast.com\/wordpress\/plugins\/seo\/ -->\n<title>contact - LAFOND HYDRAULIQUE<\/title>\n<meta name=\"robots\" content=\"index, follow, max-snippet:-1, max-image-preview:large, max-video-preview:-1\" \/>\n<link rel=\"canonical\" href=\"http:\/\/www.hydraulicien.eu\/LAFOND-Hydraulique\/contact\/\" \/>\n<meta property=\"og:locale\" content=\"fr_FR\" \/>\n<meta property=\"og:type\" content=\"article\" \/>\n<meta property=\"og:title\" content=\"contact - LAFOND HYDRAULIQUE\" \/>\n<meta property=\"og:description\" content=\"Jeremy\u00a0LAFOND 5 Rue du Moulin Perrault ZI du Moulin Perrault &#8211; Terrenoire 42100 \u2013 SAINT ETIENNE T\u00e9l : 0698224465 lafond()hydraulicien.eu LAFOND LAFOND\u00a0est partenaire de plusieurs r\u00e9parateurs dans diff\u00e9rentes r\u00e9gions : &nbsp; Continue reading\" \/>\n<meta property=\"og:url\" content=\"http:\/\/www.hydraulicien.eu\/LAFOND-Hydraulique\/contact\/\" \/>\n<meta property=\"og:site_name\" content=\"LAFOND HYDRAULIQUE\" \/>\n<meta property=\"article:modified_time\" content=\"2018-08-27T14:18:29+00:00\" \/>\n<script type=\"application\/ld+json\" class=\"yoast-schema-graph\">{\"@context\":\"https:\/\/schema.org\",\"@graph\":[{\"@type\":\"WebPage\",\"@id\":\"http:\/\/www.hydraulicien.eu\/LAFOND-Hydraulique\/contact\/\",\"url\":\"http:\/\/www.hydraulicien.eu\/LAFOND-Hydraulique\/contact\/\",\"name\":\"contact - LAFOND HYDRAULIQUE\",\"isPartOf\":{\"@id\":\"http:\/\/www.hydraulicien.eu\/LAFOND-Hydraulique\/#website\"},\"datePublished\":\"2014-11-04T21:01:42+00:00\",\"dateModified\":\"2018-08-27T14:18:29+00:00\",\"breadcrumb\":{\"@id\":\"http:\/\/www.hydraulicien.eu\/LAFOND-Hydraulique\/contact\/#breadcrumb\"},\"inLanguage\":\"fr-FR\",\"potentialAction\":[{\"@type\":\"ReadAction\",\"target\":[\"http:\/\/www.hydraulicien.eu\/LAFOND-Hydraulique\/contact\/\"]}]},{\"@type\":\"BreadcrumbList\",\"@id\":\"http:\/\/www.hydraulicien.eu\/LAFOND-Hydraulique\/contact\/#breadcrumb\",\"itemListElement\":[{\"@type\":\"ListItem\",\"position\":1,\"name\":\"Accueil\",\"item\":\"http:\/\/www.hydraulicien.eu\/LAFOND-Hydraulique\/\"},{\"@type\":\"ListItem\",\"position\":2,\"name\":\"contact\"}]},{\"@type\":\"WebSite\",\"@id\":\"http:\/\/www.hydraulicien.eu\/LAFOND-Hydraulique\/#website\",\"url\":\"http:\/\/www.hydraulicien.eu\/LAFOND-Hydraulique\/\",\"name\":\"LAFOND HYDRAULIQUE\",\"description\":\"Votre prestataire en hydraulique\",\"potentialAction\":[{\"@type\":\"SearchAction\",\"target\":{\"@type\":\"EntryPoint\",\"urlTemplate\":\"http:\/\/www.hydraulicien.eu\/LAFOND-Hydraulique\/?s={search_term_string}\"},\"query-input\":\"required name=search_term_string\"}],\"inLanguage\":\"fr-FR\"}]}<\/script>\n<!-- \/ Yoast SEO plugin. -->","yoast_head_json":{"title":"contact - LAFOND HYDRAULIQUE","robots":{"index":"index","follow":"follow","max-snippet":"max-snippet:-1","max-image-preview":"max-image-preview:large","max-video-preview":"max-video-preview:-1"},"canonical":"http:\/\/www.hydraulicien.eu\/LAFOND-Hydraulique\/contact\/","og_locale":"fr_FR","og_type":"article","og_title":"contact - LAFOND HYDRAULIQUE","og_description":"Jeremy\u00a0LAFOND 5 Rue du Moulin Perrault ZI du Moulin Perrault &#8211; Terrenoire 42100 \u2013 SAINT ETIENNE T\u00e9l : 0698224465 lafond()hydraulicien.eu LAFOND LAFOND\u00a0est partenaire de plusieurs r\u00e9parateurs dans diff\u00e9rentes r\u00e9gions : &nbsp; Continue reading","og_url":"http:\/\/www.hydraulicien.eu\/LAFOND-Hydraulique\/contact\/","og_site_name":"LAFOND HYDRAULIQUE","article_modified_time":"2018-08-27T14:18:29+00:00","schema":{"@context":"https:\/\/schema.org","@graph":[{"@type":"WebPage","@id":"http:\/\/www.hydraulicien.eu\/LAFOND-Hydraulique\/contact\/","url":"http:\/\/www.hydraulicien.eu\/LAFOND-Hydraulique\/contact\/","name":"contact - LAFOND HYDRAULIQUE","isPartOf":{"@id":"http:\/\/www.hydraulicien.eu\/LAFOND-Hydraulique\/#website"},"datePublished":"2014-11-04T21:01:42+00:00","dateModified":"2018-08-27T14:18:29+00:00","breadcrumb":{"@id":"http:\/\/www.hydraulicien.eu\/LAFOND-Hydraulique\/contact\/#breadcrumb"},"inLanguage":"fr-FR","potentialAction":[{"@type":"ReadAction","target":["http:\/\/www.hydraulicien.eu\/LAFOND-Hydraulique\/contact\/"]}]},{"@type":"BreadcrumbList","@id":"http:\/\/www.hydraulicien.eu\/LAFOND-Hydraulique\/contact\/#breadcrumb","itemListElement":[{"@type":"ListItem","position":1,"name":"Accueil","item":"http:\/\/www.hydraulicien.eu\/LAFOND-Hydraulique\/"},{"@type":"ListItem","position":2,"name":"contact"}]},{"@type":"WebSite","@id":"http:\/\/www.hydraulicien.eu\/LAFOND-Hydraulique\/#website","url":"http:\/\/www.hydraulicien.eu\/LAFOND-Hydraulique\/","name":"LAFOND HYDRAULIQUE","description":"Votre prestataire en hydraulique","potentialAction":[{"@type":"SearchAction","target":{"@type":"EntryPoint","urlTemplate":"http:\/\/www.hydraulicien.eu\/LAFOND-Hydraulique\/?s={search_term_string}"},"query-input":"required name=search_term_string"}],"inLanguage":"fr-FR"}]}},"jetpack_sharing_enabled":true,"jetpack_shortlink":"https:\/\/wp.me\/P5JwZE-a","_links":{"self":[{"href":"http:\/\/www.hydraulicien.eu\/LAFOND-Hydraulique\/wp-json\/wp\/v2\/pages\/10"}],"collection":[{"href":"http:\/\/www.hydraulicien.eu\/LAFOND-Hydraulique\/wp-json\/wp\/v2\/pages"}],"about":[{"href":"http:\/\/www.hydraulicien.eu\/LAFOND-Hydraulique\/wp-json\/wp\/v2\/types\/page"}],"author":[{"embeddable":true,"href":"http:\/\/www.hydraulicien.eu\/LAFOND-Hydraulique\/wp-json\/wp\/v2\/users\/1"}],"replies":[{"embeddable":true,"href":"http:\/\/www.hydraulicien.eu\/LAFOND-Hydraulique\/wp-json\/wp\/v2\/comments?post=10"}],"version-history":[{"count":24,"href":"http:\/\/www.hydraulicien.eu\/LAFOND-Hydraulique\/wp-json\/wp\/v2\/pages\/10\/revisions"}],"predecessor-version":[{"id":170,"href":"http:\/\/www.hydraulicien.eu\/LAFOND-Hydraulique\/wp-json\/wp\/v2\/pages\/10\/revisions\/170"}],"wp:attachment":[{"href":"http:\/\/www.hydraulicien.eu\/LAFOND-Hydraulique\/wp-json\/wp\/v2\/media?parent=10"}],"curies":[{"name":"wp","href":"https:\/\/api.w.org\/{rel}","templated":true}]}}